{"id":559,"date":"2025-06-27T15:00:29","date_gmt":"2025-06-27T15:00:29","guid":{"rendered":"https:\/\/gai-sciteach.web.ua.pt\/?page_id=559"},"modified":"2025-06-27T15:00:30","modified_gmt":"2025-06-27T15:00:30","slug":"news","status":"publish","type":"page","link":"https:\/\/gai-sciteach.web.ua.pt\/?page_id=559&lang=en","title":{"rendered":"News"},"content":{"rendered":"<ul class=\"wp-block-latest-posts__list is-grid columns-3 wp-block-latest-posts\"><li><div class=\"wp-block-latest-posts__featured-image\"><img loading=\"lazy\" decoding=\"async\" width=\"150\" height=\"150\" src=\"https:\/\/gai-sciteach.web.ua.pt\/wp-content\/uploads\/2026\/03\/resizer-150x150.jpg\" class=\"attachment-thumbnail size-thumbnail wp-post-image\" alt=\"\" style=\"\" \/><\/div><a class=\"wp-block-latest-posts__post-title\" href=\"https:\/\/gai-sciteach.web.ua.pt\/?p=1246&#038;lang=en\">(H)\u00c0 Educa\u00e7\u00e3o: What paths for the use of generative artificial intelligence in education?<\/a><div class=\"wp-block-latest-posts__post-excerpt\">Available at: https:\/\/www.ua.pt\/pt\/noticias\/13\/93541<\/div><\/li>\n<li><div class=\"wp-block-latest-posts__featured-image\"><img loading=\"lazy\" decoding=\"async\" width=\"150\" height=\"150\" src=\"https:\/\/gai-sciteach.web.ua.pt\/wp-content\/uploads\/2025\/07\/podcast-7693630_1280-150x150.png\" class=\"attachment-thumbnail size-thumbnail wp-post-image\" alt=\"\" style=\"\" \/><\/div><a class=\"wp-block-latest-posts__post-title\" href=\"https:\/\/gai-sciteach.web.ua.pt\/?p=1094&#038;lang=en\">GAI-SciTeach on 90 Seconds of Science<\/a><div class=\"wp-block-latest-posts__post-excerpt\">https:\/\/www.rtp.pt\/play\/p2936\/e862392\/90-segundos-ciencia<\/div><\/li>\n<li><div class=\"wp-block-latest-posts__featured-image\"><img loading=\"lazy\" decoding=\"async\" width=\"150\" height=\"150\" src=\"https:\/\/gai-sciteach.web.ua.pt\/wp-content\/uploads\/2025\/07\/newspapers-444447_1280-150x150.jpg\" class=\"attachment-thumbnail size-thumbnail wp-post-image\" alt=\"\" style=\"\" \/><\/div><a class=\"wp-block-latest-posts__post-title\" href=\"https:\/\/gai-sciteach.web.ua.pt\/?p=1088&#038;lang=en\">GenAI in Teacher Training: GAI-Sci-Teach in Jornal da Bairrada newspaper<\/a><div class=\"wp-block-latest-posts__post-excerpt\"><\/div><\/li>\n<li><div class=\"wp-block-latest-posts__featured-image\"><img loading=\"lazy\" decoding=\"async\" width=\"150\" height=\"150\" src=\"https:\/\/gai-sciteach.web.ua.pt\/wp-content\/uploads\/2025\/06\/formacao-professores-150x150.jpg\" class=\"attachment-thumbnail size-thumbnail wp-post-image\" alt=\"\" style=\"\" \/><\/div><a class=\"wp-block-latest-posts__post-title\" href=\"https:\/\/gai-sciteach.web.ua.pt\/?p=1022&#038;lang=en\">(H)\u00c0 educa\u00e7\u00e3o: Artificial Intelligence &#8211; A great ally or a challenge for teachers?<\/a><div class=\"wp-block-latest-posts__post-excerpt\">Available at: https:\/\/www.ua.pt\/pt\/noticias\/13\/89852 https:\/\/www.noticiasdeaveiro.pt\/inteligencia-artificial-grande-aliado-ou-desafio-para-os-professores\/<\/div><\/li>\n<li><div class=\"wp-block-latest-posts__featured-image\"><img loading=\"lazy\" decoding=\"async\" width=\"150\" height=\"150\" src=\"https:\/\/gai-sciteach.web.ua.pt\/wp-content\/uploads\/2025\/06\/hands-typing-2654109_1920-150x150.jpg\" class=\"attachment-thumbnail size-thumbnail wp-post-image\" alt=\"\" style=\"\" \/><\/div><a class=\"wp-block-latest-posts__post-title\" href=\"https:\/\/gai-sciteach.web.ua.pt\/?p=1082&#038;lang=en\">Postdoctoral Research Grant in the field of Education within the scope of the CIDTFF&#8217;s GAI-SciTeach project | EdtlB.1-DEP\/2025<\/a><div class=\"wp-block-latest-posts__post-excerpt\"><\/div><\/li>\n<\/ul>","protected":false},"excerpt":{"rendered":"","protected":false},"author":2,"featured_media":403,"parent":0,"menu_order":0,"comment_status":"closed","ping_status":"closed","template":"","meta":{"neve_meta_sidebar":"","neve_meta_container":"","neve_meta_enable_content_width":"","neve_meta_content_width":0,"neve_meta_title_alignment":"","neve_meta_author_avatar":"","neve_post_elements_order":"","neve_meta_disable_header":"","neve_meta_disable_footer":"","neve_meta_disable_title":"","footnotes":""},"class_list":["post-559","page","type-page","status-publish","has-post-thumbnail","hentry"],"_links":{"self":[{"href":"https:\/\/gai-sciteach.web.ua.pt\/index.php?rest_route=\/wp\/v2\/pages\/559","targetHints":{"allow":["GET"]}}],"collection":[{"href":"https:\/\/gai-sciteach.web.ua.pt\/index.php?rest_route=\/wp\/v2\/pages"}],"about":[{"href":"https:\/\/gai-sciteach.web.ua.pt\/index.php?rest_route=\/wp\/v2\/types\/page"}],"author":[{"embeddable":true,"href":"https:\/\/gai-sciteach.web.ua.pt\/index.php?rest_route=\/wp\/v2\/users\/2"}],"replies":[{"embeddable":true,"href":"https:\/\/gai-sciteach.web.ua.pt\/index.php?rest_route=%2Fwp%2Fv2%2Fcomments&post=559"}],"version-history":[{"count":1,"href":"https:\/\/gai-sciteach.web.ua.pt\/index.php?rest_route=\/wp\/v2\/pages\/559\/revisions"}],"predecessor-version":[{"id":562,"href":"https:\/\/gai-sciteach.web.ua.pt\/index.php?rest_route=\/wp\/v2\/pages\/559\/revisions\/562"}],"wp:featuredmedia":[{"embeddable":true,"href":"https:\/\/gai-sciteach.web.ua.pt\/index.php?rest_route=\/wp\/v2\/media\/403"}],"wp:attachment":[{"href":"https:\/\/gai-sciteach.web.ua.pt\/index.php?rest_route=%2Fwp%2Fv2%2Fmedia&parent=559"}],"curies":[{"name":"wp","href":"https:\/\/api.w.org\/{rel}","templated":true}]}}