{"id":380,"date":"2025-06-05T17:39:30","date_gmt":"2025-06-05T17:39:30","guid":{"rendered":"https:\/\/gai-sciteach.web.ua.pt\/?page_id=380"},"modified":"2025-10-29T10:08:35","modified_gmt":"2025-10-29T10:08:35","slug":"team","status":"publish","type":"page","link":"https:\/\/gai-sciteach.web.ua.pt\/?page_id=380&lang=en","title":{"rendered":"Team"},"content":{"rendered":"\n<figure class=\"wp-block-gallery has-nested-images columns-default is-cropped wp-block-gallery-1 is-layout-flex wp-block-gallery-is-layout-flex\">\n<figure class=\"wp-block-image size-large\"><img loading=\"lazy\" decoding=\"async\" width=\"1024\" height=\"1024\" data-id=\"688\" src=\"https:\/\/gai-sciteach.web.ua.pt\/wp-content\/uploads\/2025\/07\/Foto-de-perfil-para-redes-sociais-gradiente-simples-1024x1024.png\" alt=\"\" class=\"wp-image-688\" srcset=\"https:\/\/gai-sciteach.web.ua.pt\/wp-content\/uploads\/2025\/07\/Foto-de-perfil-para-redes-sociais-gradiente-simples-1024x1024.png 1024w, https:\/\/gai-sciteach.web.ua.pt\/wp-content\/uploads\/2025\/07\/Foto-de-perfil-para-redes-sociais-gradiente-simples-300x300.png 300w, https:\/\/gai-sciteach.web.ua.pt\/wp-content\/uploads\/2025\/07\/Foto-de-perfil-para-redes-sociais-gradiente-simples-150x150.png 150w, https:\/\/gai-sciteach.web.ua.pt\/wp-content\/uploads\/2025\/07\/Foto-de-perfil-para-redes-sociais-gradiente-simples-768x768.png 768w, https:\/\/gai-sciteach.web.ua.pt\/wp-content\/uploads\/2025\/07\/Foto-de-perfil-para-redes-sociais-gradiente-simples.png 1080w\" sizes=\"auto, (max-width: 1024px) 100vw, 1024px\" \/><\/figure>\n\n\n\n<figure class=\"wp-block-image size-large is-style-rounded\"><img loading=\"lazy\" decoding=\"async\" width=\"1024\" height=\"1024\" data-id=\"469\" src=\"https:\/\/gai-sciteach.web.ua.pt\/wp-content\/uploads\/2025\/06\/7-1024x1024.png\" alt=\"\" class=\"wp-image-469\" srcset=\"https:\/\/gai-sciteach.web.ua.pt\/wp-content\/uploads\/2025\/06\/7-1024x1024.png 1024w, https:\/\/gai-sciteach.web.ua.pt\/wp-content\/uploads\/2025\/06\/7-300x300.png 300w, https:\/\/gai-sciteach.web.ua.pt\/wp-content\/uploads\/2025\/06\/7-150x150.png 150w, https:\/\/gai-sciteach.web.ua.pt\/wp-content\/uploads\/2025\/06\/7-768x768.png 768w, https:\/\/gai-sciteach.web.ua.pt\/wp-content\/uploads\/2025\/06\/7.png 1080w\" sizes=\"auto, (max-width: 1024px) 100vw, 1024px\" \/><figcaption class=\"wp-element-caption\"><strong>Margarida M. Marques <\/strong><br>P.I.<\/figcaption><\/figure>\n\n\n\n<figure class=\"wp-block-image size-large\"><img loading=\"lazy\" decoding=\"async\" width=\"1024\" height=\"1024\" data-id=\"688\" src=\"https:\/\/gai-sciteach.web.ua.pt\/wp-content\/uploads\/2025\/07\/Foto-de-perfil-para-redes-sociais-gradiente-simples-1024x1024.png\" alt=\"\" class=\"wp-image-688\" srcset=\"https:\/\/gai-sciteach.web.ua.pt\/wp-content\/uploads\/2025\/07\/Foto-de-perfil-para-redes-sociais-gradiente-simples-1024x1024.png 1024w, https:\/\/gai-sciteach.web.ua.pt\/wp-content\/uploads\/2025\/07\/Foto-de-perfil-para-redes-sociais-gradiente-simples-300x300.png 300w, https:\/\/gai-sciteach.web.ua.pt\/wp-content\/uploads\/2025\/07\/Foto-de-perfil-para-redes-sociais-gradiente-simples-150x150.png 150w, https:\/\/gai-sciteach.web.ua.pt\/wp-content\/uploads\/2025\/07\/Foto-de-perfil-para-redes-sociais-gradiente-simples-768x768.png 768w, https:\/\/gai-sciteach.web.ua.pt\/wp-content\/uploads\/2025\/07\/Foto-de-perfil-para-redes-sociais-gradiente-simples.png 1080w\" sizes=\"auto, (max-width: 1024px) 100vw, 1024px\" \/><\/figure>\n<\/figure>\n\n\n\n<figure class=\"wp-block-gallery has-nested-images columns-default is-cropped wp-block-gallery-2 is-layout-flex wp-block-gallery-is-layout-flex\">\n<figure class=\"wp-block-image size-large is-style-rounded\"><img loading=\"lazy\" decoding=\"async\" width=\"1024\" height=\"1024\" data-id=\"448\" src=\"https:\/\/gai-sciteach.web.ua.pt\/wp-content\/uploads\/2025\/06\/10-1024x1024.png\" alt=\"\" class=\"wp-image-448\" srcset=\"https:\/\/gai-sciteach.web.ua.pt\/wp-content\/uploads\/2025\/06\/10-1024x1024.png 1024w, https:\/\/gai-sciteach.web.ua.pt\/wp-content\/uploads\/2025\/06\/10-300x300.png 300w, https:\/\/gai-sciteach.web.ua.pt\/wp-content\/uploads\/2025\/06\/10-150x150.png 150w, https:\/\/gai-sciteach.web.ua.pt\/wp-content\/uploads\/2025\/06\/10-768x768.png 768w, https:\/\/gai-sciteach.web.ua.pt\/wp-content\/uploads\/2025\/06\/10.png 1080w\" sizes=\"auto, (max-width: 1024px) 100vw, 1024px\" \/><figcaption class=\"wp-element-caption\"><strong>Ant\u00f3nio Neves<\/strong><\/figcaption><\/figure>\n\n\n\n<figure class=\"wp-block-image size-large is-style-rounded\"><img loading=\"lazy\" decoding=\"async\" width=\"1024\" height=\"1024\" data-id=\"451\" src=\"https:\/\/gai-sciteach.web.ua.pt\/wp-content\/uploads\/2025\/06\/3_1-1024x1024.png\" alt=\"\" class=\"wp-image-451\" srcset=\"https:\/\/gai-sciteach.web.ua.pt\/wp-content\/uploads\/2025\/06\/3_1-1024x1024.png 1024w, https:\/\/gai-sciteach.web.ua.pt\/wp-content\/uploads\/2025\/06\/3_1-300x300.png 300w, https:\/\/gai-sciteach.web.ua.pt\/wp-content\/uploads\/2025\/06\/3_1-150x150.png 150w, https:\/\/gai-sciteach.web.ua.pt\/wp-content\/uploads\/2025\/06\/3_1-768x768.png 768w, https:\/\/gai-sciteach.web.ua.pt\/wp-content\/uploads\/2025\/06\/3_1.png 1080w\" sizes=\"auto, (max-width: 1024px) 100vw, 1024px\" \/><figcaption class=\"wp-element-caption\"><strong>Betina Lopes<\/strong><\/figcaption><\/figure>\n\n\n\n<figure class=\"wp-block-image size-large is-style-rounded\"><img loading=\"lazy\" decoding=\"async\" width=\"1024\" height=\"1024\" data-id=\"454\" src=\"https:\/\/gai-sciteach.web.ua.pt\/wp-content\/uploads\/2025\/06\/9-1024x1024.png\" alt=\"\" class=\"wp-image-454\" srcset=\"https:\/\/gai-sciteach.web.ua.pt\/wp-content\/uploads\/2025\/06\/9-1024x1024.png 1024w, https:\/\/gai-sciteach.web.ua.pt\/wp-content\/uploads\/2025\/06\/9-300x300.png 300w, https:\/\/gai-sciteach.web.ua.pt\/wp-content\/uploads\/2025\/06\/9-150x150.png 150w, https:\/\/gai-sciteach.web.ua.pt\/wp-content\/uploads\/2025\/06\/9-768x768.png 768w, https:\/\/gai-sciteach.web.ua.pt\/wp-content\/uploads\/2025\/06\/9.png 1080w\" sizes=\"auto, (max-width: 1024px) 100vw, 1024px\" \/><figcaption class=\"wp-element-caption\"><strong>Diogo Gomes<\/strong><\/figcaption><\/figure>\n\n\n\n<figure class=\"wp-block-image size-large is-style-rounded\"><img loading=\"lazy\" decoding=\"async\" width=\"1024\" height=\"1024\" data-id=\"457\" src=\"https:\/\/gai-sciteach.web.ua.pt\/wp-content\/uploads\/2025\/06\/6-1024x1024.png\" alt=\"\" class=\"wp-image-457\" srcset=\"https:\/\/gai-sciteach.web.ua.pt\/wp-content\/uploads\/2025\/06\/6-1024x1024.png 1024w, https:\/\/gai-sciteach.web.ua.pt\/wp-content\/uploads\/2025\/06\/6-300x300.png 300w, https:\/\/gai-sciteach.web.ua.pt\/wp-content\/uploads\/2025\/06\/6-150x150.png 150w, https:\/\/gai-sciteach.web.ua.pt\/wp-content\/uploads\/2025\/06\/6-768x768.png 768w, https:\/\/gai-sciteach.web.ua.pt\/wp-content\/uploads\/2025\/06\/6.png 1080w\" sizes=\"auto, (max-width: 1024px) 100vw, 1024px\" \/><figcaption class=\"wp-element-caption\"><strong>Isabel Sa\u00fade<\/strong><\/figcaption><\/figure>\n\n\n\n<figure class=\"wp-block-image size-large is-style-rounded\"><img loading=\"lazy\" decoding=\"async\" width=\"1024\" height=\"1024\" data-id=\"460\" src=\"https:\/\/gai-sciteach.web.ua.pt\/wp-content\/uploads\/2025\/06\/8-1024x1024.png\" alt=\"\" class=\"wp-image-460\" srcset=\"https:\/\/gai-sciteach.web.ua.pt\/wp-content\/uploads\/2025\/06\/8-1024x1024.png 1024w, https:\/\/gai-sciteach.web.ua.pt\/wp-content\/uploads\/2025\/06\/8-300x300.png 300w, https:\/\/gai-sciteach.web.ua.pt\/wp-content\/uploads\/2025\/06\/8-150x150.png 150w, https:\/\/gai-sciteach.web.ua.pt\/wp-content\/uploads\/2025\/06\/8-768x768.png 768w, https:\/\/gai-sciteach.web.ua.pt\/wp-content\/uploads\/2025\/06\/8.png 1080w\" sizes=\"auto, (max-width: 1024px) 100vw, 1024px\" \/><figcaption class=\"wp-element-caption\"><strong>Jos\u00e9 Lu\u00eds Ara\u00fajo<\/strong><\/figcaption><\/figure>\n\n\n\n<figure class=\"wp-block-image size-large is-style-rounded\"><img loading=\"lazy\" decoding=\"async\" width=\"1024\" height=\"1024\" data-id=\"442\" src=\"https:\/\/gai-sciteach.web.ua.pt\/wp-content\/uploads\/2025\/06\/2_1-1024x1024.png\" alt=\"\" class=\"wp-image-442\" srcset=\"https:\/\/gai-sciteach.web.ua.pt\/wp-content\/uploads\/2025\/06\/2_1-1024x1024.png 1024w, https:\/\/gai-sciteach.web.ua.pt\/wp-content\/uploads\/2025\/06\/2_1-300x300.png 300w, https:\/\/gai-sciteach.web.ua.pt\/wp-content\/uploads\/2025\/06\/2_1-150x150.png 150w, https:\/\/gai-sciteach.web.ua.pt\/wp-content\/uploads\/2025\/06\/2_1-768x768.png 768w, https:\/\/gai-sciteach.web.ua.pt\/wp-content\/uploads\/2025\/06\/2_1.png 1080w\" sizes=\"auto, (max-width: 1024px) 100vw, 1024px\" \/><figcaption class=\"wp-element-caption\"><strong>J. Bernardino Lopes<\/strong><\/figcaption><\/figure>\n\n\n\n<figure class=\"wp-block-image size-large is-style-rounded\"><img loading=\"lazy\" decoding=\"async\" width=\"1080\" height=\"1080\" data-id=\"463\" src=\"https:\/\/gai-sciteach.web.ua.pt\/wp-content\/uploads\/2025\/06\/4-1024x1024.png\" alt=\"\" class=\"wp-image-463\" srcset=\"https:\/\/gai-sciteach.web.ua.pt\/wp-content\/uploads\/2025\/06\/4-1024x1024.png 1024w, https:\/\/gai-sciteach.web.ua.pt\/wp-content\/uploads\/2025\/06\/4-300x300.png 300w, https:\/\/gai-sciteach.web.ua.pt\/wp-content\/uploads\/2025\/06\/4-150x150.png 150w, https:\/\/gai-sciteach.web.ua.pt\/wp-content\/uploads\/2025\/06\/4-768x768.png 768w, https:\/\/gai-sciteach.web.ua.pt\/wp-content\/uploads\/2025\/06\/4.png 1080w\" sizes=\"auto, (max-width: 1080px) 100vw, 1080px\" \/><figcaption class=\"wp-element-caption\"><strong>Juliana Monteiro<\/strong><\/figcaption><\/figure>\n\n\n\n<figure class=\"wp-block-image size-large is-style-rounded\"><img loading=\"lazy\" decoding=\"async\" width=\"1024\" height=\"1024\" data-id=\"466\" src=\"https:\/\/gai-sciteach.web.ua.pt\/wp-content\/uploads\/2025\/06\/5-1024x1024.png\" alt=\"\" class=\"wp-image-466\" srcset=\"https:\/\/gai-sciteach.web.ua.pt\/wp-content\/uploads\/2025\/06\/5-1024x1024.png 1024w, https:\/\/gai-sciteach.web.ua.pt\/wp-content\/uploads\/2025\/06\/5-300x300.png 300w, https:\/\/gai-sciteach.web.ua.pt\/wp-content\/uploads\/2025\/06\/5-150x150.png 150w, https:\/\/gai-sciteach.web.ua.pt\/wp-content\/uploads\/2025\/06\/5-768x768.png 768w, https:\/\/gai-sciteach.web.ua.pt\/wp-content\/uploads\/2025\/06\/5.png 1080w\" sizes=\"auto, (max-width: 1024px) 100vw, 1024px\" \/><figcaption class=\"wp-element-caption\"><strong>L\u00facia Pombo<\/strong><\/figcaption><\/figure>\n\n\n\n<figure class=\"wp-block-image size-large\"><img loading=\"lazy\" decoding=\"async\" width=\"1024\" height=\"1024\" data-id=\"688\" src=\"https:\/\/gai-sciteach.web.ua.pt\/wp-content\/uploads\/2025\/07\/Foto-de-perfil-para-redes-sociais-gradiente-simples-1024x1024.png\" alt=\"\" class=\"wp-image-688\" srcset=\"https:\/\/gai-sciteach.web.ua.pt\/wp-content\/uploads\/2025\/07\/Foto-de-perfil-para-redes-sociais-gradiente-simples-1024x1024.png 1024w, https:\/\/gai-sciteach.web.ua.pt\/wp-content\/uploads\/2025\/07\/Foto-de-perfil-para-redes-sociais-gradiente-simples-300x300.png 300w, https:\/\/gai-sciteach.web.ua.pt\/wp-content\/uploads\/2025\/07\/Foto-de-perfil-para-redes-sociais-gradiente-simples-150x150.png 150w, https:\/\/gai-sciteach.web.ua.pt\/wp-content\/uploads\/2025\/07\/Foto-de-perfil-para-redes-sociais-gradiente-simples-768x768.png 768w, https:\/\/gai-sciteach.web.ua.pt\/wp-content\/uploads\/2025\/07\/Foto-de-perfil-para-redes-sociais-gradiente-simples.png 1080w\" sizes=\"auto, (max-width: 1024px) 100vw, 1024px\" \/><\/figure>\n<\/figure>\n\n\n\n<hr class=\"wp-block-separator has-alpha-channel-opacity\"\/>\n\n\n\n<p><\/p>\n","protected":false},"excerpt":{"rendered":"","protected":false},"author":2,"featured_media":227,"parent":0,"menu_order":0,"comment_status":"closed","ping_status":"closed","template":"","meta":{"neve_meta_sidebar":"","neve_meta_container":"","neve_meta_enable_content_width":"","neve_meta_content_width":0,"neve_meta_title_alignment":"","neve_meta_author_avatar":"","neve_post_elements_order":"","neve_meta_disable_header":"","neve_meta_disable_footer":"","neve_meta_disable_title":"","footnotes":""},"class_list":["post-380","page","type-page","status-publish","has-post-thumbnail","hentry"],"_links":{"self":[{"href":"https:\/\/gai-sciteach.web.ua.pt\/index.php?rest_route=\/wp\/v2\/pages\/380","targetHints":{"allow":["GET"]}}],"collection":[{"href":"https:\/\/gai-sciteach.web.ua.pt\/index.php?rest_route=\/wp\/v2\/pages"}],"about":[{"href":"https:\/\/gai-sciteach.web.ua.pt\/index.php?rest_route=\/wp\/v2\/types\/page"}],"author":[{"embeddable":true,"href":"https:\/\/gai-sciteach.web.ua.pt\/index.php?rest_route=\/wp\/v2\/users\/2"}],"replies":[{"embeddable":true,"href":"https:\/\/gai-sciteach.web.ua.pt\/index.php?rest_route=%2Fwp%2Fv2%2Fcomments&post=380"}],"version-history":[{"count":9,"href":"https:\/\/gai-sciteach.web.ua.pt\/index.php?rest_route=\/wp\/v2\/pages\/380\/revisions"}],"predecessor-version":[{"id":992,"href":"https:\/\/gai-sciteach.web.ua.pt\/index.php?rest_route=\/wp\/v2\/pages\/380\/revisions\/992"}],"wp:featuredmedia":[{"embeddable":true,"href":"https:\/\/gai-sciteach.web.ua.pt\/index.php?rest_route=\/wp\/v2\/media\/227"}],"wp:attachment":[{"href":"https:\/\/gai-sciteach.web.ua.pt\/index.php?rest_route=%2Fwp%2Fv2%2Fmedia&parent=380"}],"curies":[{"name":"wp","href":"https:\/\/api.w.org\/{rel}","templated":true}]}}