{"id":194,"date":"2025-06-05T10:18:09","date_gmt":"2025-06-05T10:18:09","guid":{"rendered":"https:\/\/gai-sciteach.web.ua.pt\/?page_id=194"},"modified":"2025-07-01T08:46:16","modified_gmt":"2025-07-01T08:46:16","slug":"sample-page-english","status":"publish","type":"page","link":"https:\/\/gai-sciteach.web.ua.pt\/?page_id=194&lang=en","title":{"rendered":"Home"},"content":{"rendered":"\n<h2 class=\"wp-block-heading\">Generative Artificial Intelligence for Science Teacher Education enhancement: Framework Development<\/h2>\n\n\n\n<p>The GAI-SciTeach Project aims to promote conditions for generative artificial intelligence to empower educators and learners through the development of a pedagogical framework for its effective integration into the initial training of science teachers. The reference framework is based on the literature and takes TPACK 2023 as its starting point. This framework is negotiated between various stakeholders from different backgrounds: science education (e.g., future teachers and teacher trainers), artificial intelligence (computer science researchers), and educational technology (researchers in education), to ensure its adaptation to the specificity of initial science teacher training.<\/p>\n\n\n\n<h2 class=\"wp-block-heading\">Featured<\/h2>\n\n\n<ul class=\"wp-block-latest-posts__list is-grid columns-3 wp-block-latest-posts\"><li><div class=\"wp-block-latest-posts__featured-image\"><img loading=\"lazy\" decoding=\"async\" width=\"150\" height=\"150\" src=\"https:\/\/gai-sciteach.web.ua.pt\/wp-content\/uploads\/2026\/03\/jose_estevao-150x150.jpg\" class=\"attachment-thumbnail size-thumbnail wp-post-image\" alt=\"\" style=\"\" \/><\/div><a class=\"wp-block-latest-posts__post-title\" href=\"https:\/\/gai-sciteach.web.ua.pt\/?p=1225&#038;lang=en\">Using Generative Artificial Intelligence for Learning: Some Reflections and Guidelines<\/a><div class=\"wp-block-latest-posts__post-excerpt\">Workshop in the context of a Mission at Jos\u00e9 Estev\u00e3o Secondary School, with four classes of 10th, 11th, and 12th graders studying Science and Technology and Languages and Humanities. The workshop was attended by 120 people, students and teachers, interested in learning more about the use of IAG for learning in secondary education.<\/div><\/li>\n<li><div class=\"wp-block-latest-posts__featured-image\"><img loading=\"lazy\" decoding=\"async\" width=\"150\" height=\"150\" src=\"https:\/\/gai-sciteach.web.ua.pt\/wp-content\/uploads\/2026\/03\/jose_estevao-150x150.jpg\" class=\"attachment-thumbnail size-thumbnail wp-post-image\" alt=\"\" style=\"\" \/><\/div><a class=\"wp-block-latest-posts__post-title\" href=\"https:\/\/gai-sciteach.web.ua.pt\/?p=1216\">Uso de IAG para Aprender: Algumas reflex\u00f5es e Orienta\u00e7\u00f5es<\/a><div class=\"wp-block-latest-posts__post-excerpt\">Workshop no contexto de uma Miss\u00e3o junto da Escola Secund\u00e1ria Jos\u00e9 Estev\u00e3o, com quatro turmas de 10.\u00ba, 11.\u00ba e 12.\u00ba ano, de Ci\u00eancias e Tecnologias e de L\u00ednguas e Humanidades. O workshop contou com a participa\u00e7\u00e3o de 120 pessoas, estudantes e professores, interessados em conhecer mais sobre o uso de IAG para aprender no Ensino&hellip;&nbsp;<a href=\"https:\/\/gai-sciteach.web.ua.pt\/?p=1216\" rel=\"bookmark\"><span class=\"screen-reader-text\">Uso de IAG para Aprender: Algumas reflex\u00f5es e Orienta\u00e7\u00f5es<\/span><\/a><\/div><\/li>\n<li><div class=\"wp-block-latest-posts__featured-image\"><img loading=\"lazy\" decoding=\"async\" width=\"150\" height=\"150\" src=\"https:\/\/gai-sciteach.web.ua.pt\/wp-content\/uploads\/2026\/03\/resizer-150x150.jpg\" class=\"attachment-thumbnail size-thumbnail wp-post-image\" alt=\"\" style=\"\" \/><\/div><a class=\"wp-block-latest-posts__post-title\" href=\"https:\/\/gai-sciteach.web.ua.pt\/?p=1246&#038;lang=en\">(H)\u00c0 Educa\u00e7\u00e3o: What paths for the use of generative artificial intelligence in education?<\/a><div class=\"wp-block-latest-posts__post-excerpt\">Available at: https:\/\/www.ua.pt\/pt\/noticias\/13\/93541<\/div><\/li>\n<\/ul>","protected":false},"excerpt":{"rendered":"<p>Generative Artificial Intelligence for Science Teacher Education enhancement: Framework Development The GAI-SciTeach Project aims to promote conditions for generative artificial intelligence to empower educators and learners through the development of a pedagogical framework for its effective integration into the initial training of science teachers. The reference framework is based on the literature and takes TPACK&hellip;&nbsp;<a href=\"https:\/\/gai-sciteach.web.ua.pt\/?page_id=194&#038;lang=en\" rel=\"bookmark\"><span class=\"screen-reader-text\">Home<\/span><\/a><\/p>\n","protected":false},"author":2,"featured_media":173,"parent":0,"menu_order":0,"comment_status":"closed","ping_status":"closed","template":"","meta":{"neve_meta_sidebar":"","neve_meta_container":"","neve_meta_enable_content_width":"","neve_meta_content_width":0,"neve_meta_title_alignment":"","neve_meta_author_avatar":"","neve_post_elements_order":"","neve_meta_disable_header":"","neve_meta_disable_footer":"","neve_meta_disable_title":"","footnotes":""},"class_list":["post-194","page","type-page","status-publish","has-post-thumbnail","hentry"],"_links":{"self":[{"href":"https:\/\/gai-sciteach.web.ua.pt\/index.php?rest_route=\/wp\/v2\/pages\/194","targetHints":{"allow":["GET"]}}],"collection":[{"href":"https:\/\/gai-sciteach.web.ua.pt\/index.php?rest_route=\/wp\/v2\/pages"}],"about":[{"href":"https:\/\/gai-sciteach.web.ua.pt\/index.php?rest_route=\/wp\/v2\/types\/page"}],"author":[{"embeddable":true,"href":"https:\/\/gai-sciteach.web.ua.pt\/index.php?rest_route=\/wp\/v2\/users\/2"}],"replies":[{"embeddable":true,"href":"https:\/\/gai-sciteach.web.ua.pt\/index.php?rest_route=%2Fwp%2Fv2%2Fcomments&post=194"}],"version-history":[{"count":4,"href":"https:\/\/gai-sciteach.web.ua.pt\/index.php?rest_route=\/wp\/v2\/pages\/194\/revisions"}],"predecessor-version":[{"id":646,"href":"https:\/\/gai-sciteach.web.ua.pt\/index.php?rest_route=\/wp\/v2\/pages\/194\/revisions\/646"}],"wp:featuredmedia":[{"embeddable":true,"href":"https:\/\/gai-sciteach.web.ua.pt\/index.php?rest_route=\/wp\/v2\/media\/173"}],"wp:attachment":[{"href":"https:\/\/gai-sciteach.web.ua.pt\/index.php?rest_route=%2Fwp%2Fv2%2Fmedia&parent=194"}],"curies":[{"name":"wp","href":"https:\/\/api.w.org\/{rel}","templated":true}]}}