{"id":137,"date":"2025-06-03T16:38:50","date_gmt":"2025-06-03T16:38:50","guid":{"rendered":"https:\/\/gai-sciteach.web.ua.pt\/?page_id=137"},"modified":"2025-07-01T10:00:23","modified_gmt":"2025-07-01T10:00:23","slug":"noticias","status":"publish","type":"page","link":"https:\/\/gai-sciteach.web.ua.pt\/?page_id=137","title":{"rendered":"Not\u00edcias"},"content":{"rendered":"<ul class=\"wp-block-latest-posts__list is-grid columns-3 wp-block-latest-posts\"><li><div class=\"wp-block-latest-posts__featured-image\"><img loading=\"lazy\" decoding=\"async\" width=\"150\" height=\"150\" src=\"https:\/\/gai-sciteach.web.ua.pt\/wp-content\/uploads\/2026\/03\/resizer-150x150.jpg\" class=\"attachment-thumbnail size-thumbnail wp-post-image\" alt=\"\" style=\"\" \/><\/div><a class=\"wp-block-latest-posts__post-title\" href=\"https:\/\/gai-sciteach.web.ua.pt\/?p=1237\">(H)\u00c0 Educa\u00e7\u00e3o: Que caminhos para o uso da intelig\u00eancia artificial generativa na educa\u00e7\u00e3o<\/a><\/li>\n<li><div class=\"wp-block-latest-posts__featured-image\"><img loading=\"lazy\" decoding=\"async\" width=\"150\" height=\"150\" src=\"https:\/\/gai-sciteach.web.ua.pt\/wp-content\/uploads\/2025\/07\/podcast-7693630_1280-150x150.png\" class=\"attachment-thumbnail size-thumbnail wp-post-image\" alt=\"\" style=\"\" \/><\/div><a class=\"wp-block-latest-posts__post-title\" href=\"https:\/\/gai-sciteach.web.ua.pt\/?p=878\">GAI-SciTeach no 90 Segundos de Ci\u00eancia<\/a><\/li>\n<li><div class=\"wp-block-latest-posts__featured-image\"><img loading=\"lazy\" decoding=\"async\" width=\"150\" height=\"150\" src=\"https:\/\/gai-sciteach.web.ua.pt\/wp-content\/uploads\/2025\/07\/newspapers-444447_1280-150x150.jpg\" class=\"attachment-thumbnail size-thumbnail wp-post-image\" alt=\"\" style=\"\" \/><\/div><a class=\"wp-block-latest-posts__post-title\" href=\"https:\/\/gai-sciteach.web.ua.pt\/?p=914\">IAG na Forma\u00e7\u00e3o de Professores: GAI-Sci-Teach no Jornal da Bairrada<\/a><\/li>\n<li><div class=\"wp-block-latest-posts__featured-image\"><img loading=\"lazy\" decoding=\"async\" width=\"150\" height=\"150\" src=\"https:\/\/gai-sciteach.web.ua.pt\/wp-content\/uploads\/2025\/06\/formacao-professores-150x150.jpg\" class=\"attachment-thumbnail size-thumbnail wp-post-image\" alt=\"\" style=\"\" \/><\/div><a class=\"wp-block-latest-posts__post-title\" href=\"https:\/\/gai-sciteach.web.ua.pt\/?p=266\">(H)\u00c0 educa\u00e7\u00e3o: Intelig\u00eancia Artificial &#8211; Grande aliado ou desafio para os professores?<\/a><\/li>\n<li><div class=\"wp-block-latest-posts__featured-image\"><img loading=\"lazy\" decoding=\"async\" width=\"150\" height=\"150\" src=\"https:\/\/gai-sciteach.web.ua.pt\/wp-content\/uploads\/2025\/06\/hands-typing-2654109_1920-150x150.jpg\" class=\"attachment-thumbnail size-thumbnail wp-post-image\" alt=\"\" style=\"\" \/><\/div><a class=\"wp-block-latest-posts__post-title\" href=\"https:\/\/gai-sciteach.web.ua.pt\/?p=872\">Bolsa de Investiga\u00e7\u00e3o P\u00f3s-Doutoral na \u00e1rea da Educa\u00e7\u00e3o no \u00e2mbito do projeto GAI-SciTeach do CIDTFF | EdtlB.1-DEP\/2025<\/a><\/li>\n<\/ul>\n\n\n<p><\/p>\n","protected":false},"excerpt":{"rendered":"","protected":false},"author":2,"featured_media":403,"parent":0,"menu_order":0,"comment_status":"closed","ping_status":"closed","template":"","meta":{"neve_meta_sidebar":"","neve_meta_container":"","neve_meta_enable_content_width":"","neve_meta_content_width":0,"neve_meta_title_alignment":"","neve_meta_author_avatar":"","neve_post_elements_order":"","neve_meta_disable_header":"","neve_meta_disable_footer":"","neve_meta_disable_title":"","footnotes":""},"class_list":["post-137","page","type-page","status-publish","has-post-thumbnail","hentry"],"_links":{"self":[{"href":"https:\/\/gai-sciteach.web.ua.pt\/index.php?rest_route=\/wp\/v2\/pages\/137","targetHints":{"allow":["GET"]}}],"collection":[{"href":"https:\/\/gai-sciteach.web.ua.pt\/index.php?rest_route=\/wp\/v2\/pages"}],"about":[{"href":"https:\/\/gai-sciteach.web.ua.pt\/index.php?rest_route=\/wp\/v2\/types\/page"}],"author":[{"embeddable":true,"href":"https:\/\/gai-sciteach.web.ua.pt\/index.php?rest_route=\/wp\/v2\/users\/2"}],"replies":[{"embeddable":true,"href":"https:\/\/gai-sciteach.web.ua.pt\/index.php?rest_route=%2Fwp%2Fv2%2Fcomments&post=137"}],"version-history":[{"count":4,"href":"https:\/\/gai-sciteach.web.ua.pt\/index.php?rest_route=\/wp\/v2\/pages\/137\/revisions"}],"predecessor-version":[{"id":712,"href":"https:\/\/gai-sciteach.web.ua.pt\/index.php?rest_route=\/wp\/v2\/pages\/137\/revisions\/712"}],"wp:featuredmedia":[{"embeddable":true,"href":"https:\/\/gai-sciteach.web.ua.pt\/index.php?rest_route=\/wp\/v2\/media\/403"}],"wp:attachment":[{"href":"https:\/\/gai-sciteach.web.ua.pt\/index.php?rest_route=%2Fwp%2Fv2%2Fmedia&parent=137"}],"curies":[{"name":"wp","href":"https:\/\/api.w.org\/{rel}","templated":true}]}}