{"id":125,"date":"2025-06-03T16:37:50","date_gmt":"2025-06-03T16:37:50","guid":{"rendered":"https:\/\/gai-sciteach.web.ua.pt\/?page_id=125"},"modified":"2025-06-27T15:24:06","modified_gmt":"2025-06-27T15:24:06","slug":"atividades","status":"publish","type":"page","link":"https:\/\/gai-sciteach.web.ua.pt\/?page_id=125","title":{"rendered":"Atividades"},"content":{"rendered":"<ul class=\"wp-block-latest-posts__list is-grid columns-3 wp-block-latest-posts\"><li><div class=\"wp-block-latest-posts__featured-image\"><img loading=\"lazy\" decoding=\"async\" width=\"150\" height=\"150\" src=\"https:\/\/gai-sciteach.web.ua.pt\/wp-content\/uploads\/2026\/03\/jose_estevao-150x150.jpg\" class=\"attachment-thumbnail size-thumbnail wp-post-image\" alt=\"\" style=\"\" \/><\/div><a class=\"wp-block-latest-posts__post-title\" href=\"https:\/\/gai-sciteach.web.ua.pt\/?p=1216\">Uso de IAG para Aprender: Algumas reflex\u00f5es e Orienta\u00e7\u00f5es<\/a><div class=\"wp-block-latest-posts__post-excerpt\">Workshop no contexto de uma Miss\u00e3o junto da Escola Secund\u00e1ria Jos\u00e9 Estev\u00e3o, com quatro turmas de 10.\u00ba, 11.\u00ba e 12.\u00ba ano, de Ci\u00eancias e Tecnologias e de L\u00ednguas e Humanidades. O workshop contou com a participa\u00e7\u00e3o de 120 pessoas, estudantes e professores, interessados em conhecer mais sobre o uso de IAG para aprender no Ensino&hellip;&nbsp;<a href=\"https:\/\/gai-sciteach.web.ua.pt\/?p=1216\" rel=\"bookmark\"><span class=\"screen-reader-text\">Uso de IAG para Aprender: Algumas reflex\u00f5es e Orienta\u00e7\u00f5es<\/span><\/a><\/div><\/li>\n<li><div class=\"wp-block-latest-posts__featured-image\"><img loading=\"lazy\" decoding=\"async\" width=\"150\" height=\"150\" src=\"https:\/\/gai-sciteach.web.ua.pt\/wp-content\/uploads\/2025\/11\/cropped-painel-150x150.png\" class=\"attachment-thumbnail size-thumbnail wp-post-image\" alt=\"\" style=\"\" \/><\/div><a class=\"wp-block-latest-posts__post-title\" href=\"https:\/\/gai-sciteach.web.ua.pt\/?p=1106\">IA generativa no ensino da Matem\u00e1tica. Porque n\u00e3o?<\/a><div class=\"wp-block-latest-posts__post-excerpt\">Sess\u00e3o Plen\u00e1ria inserida no encontro &#8220;Matem\u00e1tica Com Vida \u2013 Diferentes olhares sobre a Intelig\u00eancia Artificial&#8220; Mais informa\u00e7\u00e3o aqui.<\/div><\/li>\n<li><div class=\"wp-block-latest-posts__featured-image\"><img loading=\"lazy\" decoding=\"async\" width=\"150\" height=\"150\" src=\"https:\/\/gai-sciteach.web.ua.pt\/wp-content\/uploads\/2025\/09\/Screenshot-2025-09-11-at-17-31-41-Agenda_FuturSkills_ME_Parada-150x150.png\" class=\"attachment-thumbnail size-thumbnail wp-post-image\" alt=\"\" style=\"\" \/><\/div><a class=\"wp-block-latest-posts__post-title\" href=\"https:\/\/gai-sciteach.web.ua.pt\/?p=968\">Research Based Education Practicies<\/a><div class=\"wp-block-latest-posts__post-excerpt\">Workshop. Mais informa\u00e7\u00e3o aqui.<\/div><\/li>\n<li><a class=\"wp-block-latest-posts__post-title\" href=\"https:\/\/gai-sciteach.web.ua.pt\/?p=962\">Caf\u00e9 com Ci\u00eancia: &#8220;IA sob olhares cruzados: Educa\u00e7\u00e3o e Psicologia&#8221;<\/a><div class=\"wp-block-latest-posts__post-excerpt\">Conversa entre investigadores da \u00e1rea da Educa\u00e7\u00e3o e da Psicologia, discutindo olhares cruzados das duas \u00e1reas cient\u00edficas sobre os desafios e potencialidades da IA! https:\/\/sermais.web.ua.pt\/atividade\/275<\/div><\/li>\n<li><div class=\"wp-block-latest-posts__featured-image\"><img loading=\"lazy\" decoding=\"async\" width=\"150\" height=\"150\" src=\"https:\/\/gai-sciteach.web.ua.pt\/wp-content\/uploads\/2025\/06\/webinar-5220471_1280-150x150.jpg\" class=\"attachment-thumbnail size-thumbnail wp-post-image\" alt=\"\" style=\"\" \/><\/div><a class=\"wp-block-latest-posts__post-title\" href=\"https:\/\/gai-sciteach.web.ua.pt\/?p=616\">Webinar: Intelig\u00eancia Artificial Generativa no Ensino das Ci\u00eancias<\/a><div class=\"wp-block-latest-posts__post-excerpt\">Ciclo de Confer\u00eancias da APEduC | 2025<\/div><\/li>\n<\/ul>\n\n\n<p><\/p>\n","protected":false},"excerpt":{"rendered":"","protected":false},"author":2,"featured_media":541,"parent":0,"menu_order":0,"comment_status":"closed","ping_status":"closed","template":"","meta":{"neve_meta_sidebar":"","neve_meta_container":"","neve_meta_enable_content_width":"","neve_meta_content_width":0,"neve_meta_title_alignment":"","neve_meta_author_avatar":"","neve_post_elements_order":"","neve_meta_disable_header":"","neve_meta_disable_footer":"","neve_meta_disable_title":"","footnotes":""},"class_list":["post-125","page","type-page","status-publish","has-post-thumbnail","hentry"],"_links":{"self":[{"href":"https:\/\/gai-sciteach.web.ua.pt\/index.php?rest_route=\/wp\/v2\/pages\/125","targetHints":{"allow":["GET"]}}],"collection":[{"href":"https:\/\/gai-sciteach.web.ua.pt\/index.php?rest_route=\/wp\/v2\/pages"}],"about":[{"href":"https:\/\/gai-sciteach.web.ua.pt\/index.php?rest_route=\/wp\/v2\/types\/page"}],"author":[{"embeddable":true,"href":"https:\/\/gai-sciteach.web.ua.pt\/index.php?rest_route=\/wp\/v2\/users\/2"}],"replies":[{"embeddable":true,"href":"https:\/\/gai-sciteach.web.ua.pt\/index.php?rest_route=%2Fwp%2Fv2%2Fcomments&post=125"}],"version-history":[{"count":3,"href":"https:\/\/gai-sciteach.web.ua.pt\/index.php?rest_route=\/wp\/v2\/pages\/125\/revisions"}],"predecessor-version":[{"id":805,"href":"https:\/\/gai-sciteach.web.ua.pt\/index.php?rest_route=\/wp\/v2\/pages\/125\/revisions\/805"}],"wp:featuredmedia":[{"embeddable":true,"href":"https:\/\/gai-sciteach.web.ua.pt\/index.php?rest_route=\/wp\/v2\/media\/541"}],"wp:attachment":[{"href":"https:\/\/gai-sciteach.web.ua.pt\/index.php?rest_route=%2Fwp%2Fv2%2Fmedia&parent=125"}],"curies":[{"name":"wp","href":"https:\/\/api.w.org\/{rel}","templated":true}]}}